{"id":4467,"date":"2026-04-13T14:29:58","date_gmt":"2026-04-13T14:29:58","guid":{"rendered":"https:\/\/nadja-siegl.de\/?page_id=4467"},"modified":"2026-04-13T14:36:48","modified_gmt":"2026-04-13T14:36:48","slug":"die-gefangene-nachtigall-und-andere-manipulografien","status":"publish","type":"page","link":"https:\/\/nadja-siegl.de\/en\/die-gefangene-nachtigall-und-andere-manipulografien\/","title":{"rendered":"&#8220;Die gefangene Nachtigall&#8221; und andere Manipulografien"},"content":{"rendered":"\n<p>Vom <strong>27.03. bis 26.05.2026<\/strong>: Arbeiten aus meiner  Serie \u201eDie gefangene Nachtigall\u201c kombiniert mit weiteren Manipulografien in der Neuen Kirche Kleinmachnow, Zehlendorfer Damm 211, 14532 Kleinmachnow.<\/p>\n\n\n\n<p>Die Er\u00f6ffnung war am 29.03.2026. <\/p>\n\n\n\n<div class=\"wp-block-media-text alignwide is-stacked-on-mobile\"><figure class=\"wp-block-media-text__media\"><img loading=\"lazy\" width=\"850\" height=\"457\" src=\"https:\/\/nadja-siegl.de\/wp-content\/uploads\/2026\/04\/IMG_0294-2.jpg\" alt=\"\" class=\"wp-image-4473 size-full\" srcset=\"https:\/\/nadja-siegl.de\/wp-content\/uploads\/2026\/04\/IMG_0294-2.jpg 850w, https:\/\/nadja-siegl.de\/wp-content\/uploads\/2026\/04\/IMG_0294-2-300x161.jpg 300w, https:\/\/nadja-siegl.de\/wp-content\/uploads\/2026\/04\/IMG_0294-2-768x413.jpg 768w, https:\/\/nadja-siegl.de\/wp-content\/uploads\/2026\/04\/IMG_0294-2-690x371.jpg 690w\" sizes=\"(max-width: 850px) 100vw, 850px\" \/><\/figure><div class=\"wp-block-media-text__content\">\n<p>&#8220;Mir fehlt die See&#8221;, Manipulografien<\/p>\n\n\n\n<p><\/p>\n\n\n\n<p>Das helle Meer ruft,<\/p>\n\n\n\n<p>Sehnsucht nach fernen Ufern,<\/p>\n\n\n\n<p>Einsamkeit vergeht.<\/p>\n\n\n\n<p>    &#8212;&#8212;&#8212;&#8212;&#8211;<\/p>\n\n\n\n<p>     Longing for the sea,<\/p>\n\n\n\n<p>     light waves call from distant shores,<\/p>\n\n\n\n<p>     loneliness fades, free.<\/p>\n<\/div><\/div>\n\n\n\n<p>Ausgehend von dem Bild &#8220;Mir fehlt die See&#8221; verwebe ich Ansichten von Wasser und Land zu neuen Objekten: Horizonte, \u00dcberg\u00e4nge, offene R\u00e4ume. Doch sie bleiben nicht unber\u00fchrt. Die Bilder werden zerschnitten und neu verflochten. Durch diesen Eingriff l\u00f6st sich das urspr\u00fcngliche Motiv auf. Das Flechten verbindet die Fragmente zu einer neuen Bildstruktur. Landschaft wird zu einem Gewebe aus Linien und Rhythmen.<\/p>\n\n\n\n<p>Die <a href=\"https:\/\/nadja-siegl.de\/manipulography\/\" data-type=\"page\" data-id=\"3969\">Manipulografie ist mein Prozess der kreativen k\u00fcnstlerischen analogen Manipulation eines Fotos<\/a>. Das Wort \u201eManipulografie\u201c ist ein Neologismus, der \u201eManipulation\u201c und \u201eFotografie\u201c kombiniert.<\/p>\n\n\n\n<p>In Zeiten digitaler Fotografie und virtueller Bilderstellung mit k\u00fcnstlicher Intelligenz ist das Manipulieren von Fotografien ein bewusst langsamer, materieller Prozess. Es entstehen keine reproduzierbaren Dateien, sondern einzelne Objekte, die der fl\u00fcchtigen Bilderflut eine greifbare Form entgegensetzen.&nbsp;<\/p>\n\n\n\n<figure class=\"wp-block-image size-large\"><a href=\"https:\/\/nadja-siegl.de\/wp-content\/uploads\/2022\/07\/sehend-verwoben-4-scaled-e1676899236753.jpg\"><img loading=\"lazy\" width=\"1024\" height=\"776\" src=\"https:\/\/nadja-siegl.de\/wp-content\/uploads\/2022\/07\/sehend-verwoben-4-scaled-e1676899236753-1024x776.jpg\" alt=\"\" class=\"wp-image-3607\" srcset=\"https:\/\/nadja-siegl.de\/wp-content\/uploads\/2022\/07\/sehend-verwoben-4-scaled-e1676899236753-1024x776.jpg 1024w, https:\/\/nadja-siegl.de\/wp-content\/uploads\/2022\/07\/sehend-verwoben-4-scaled-e1676899236753-300x227.jpg 300w, https:\/\/nadja-siegl.de\/wp-content\/uploads\/2022\/07\/sehend-verwoben-4-scaled-e1676899236753-768x582.jpg 768w, https:\/\/nadja-siegl.de\/wp-content\/uploads\/2022\/07\/sehend-verwoben-4-scaled-e1676899236753-1536x1163.jpg 1536w, https:\/\/nadja-siegl.de\/wp-content\/uploads\/2022\/07\/sehend-verwoben-4-scaled-e1676899236753-2048x1551.jpg 2048w, https:\/\/nadja-siegl.de\/wp-content\/uploads\/2022\/07\/sehend-verwoben-4-scaled-e1676899236753-690x523.jpg 690w, https:\/\/nadja-siegl.de\/wp-content\/uploads\/2022\/07\/sehend-verwoben-4-scaled-e1676899236753-980x742.jpg 980w\" sizes=\"(max-width: 1024px) 100vw, 1024px\" \/><\/a><figcaption>Der Greif, 70 x 50 cm<\/figcaption><\/figure>\n\n\n\n<p><\/p>\n\n\n\n<div class=\"wp-block-media-text alignwide is-stacked-on-mobile\"><figure class=\"wp-block-media-text__media\"><img loading=\"lazy\" width=\"1024\" height=\"768\" src=\"https:\/\/nadja-siegl.de\/wp-content\/uploads\/2026\/04\/IMG_0291-1024x768.jpg\" alt=\"\" class=\"wp-image-4475 size-full\" srcset=\"https:\/\/nadja-siegl.de\/wp-content\/uploads\/2026\/04\/IMG_0291-1024x768.jpg 1024w, https:\/\/nadja-siegl.de\/wp-content\/uploads\/2026\/04\/IMG_0291-300x225.jpg 300w, https:\/\/nadja-siegl.de\/wp-content\/uploads\/2026\/04\/IMG_0291-768x576.jpg 768w, https:\/\/nadja-siegl.de\/wp-content\/uploads\/2026\/04\/IMG_0291-690x518.jpg 690w, https:\/\/nadja-siegl.de\/wp-content\/uploads\/2026\/04\/IMG_0291-980x735.jpg 980w, https:\/\/nadja-siegl.de\/wp-content\/uploads\/2026\/04\/IMG_0291.jpg 1417w\" sizes=\"(max-width: 1024px) 100vw, 1024px\" \/><\/figure><div class=\"wp-block-media-text__content\">\n<p>Dazu zeige ich an der &#8220;kleinen Wand&#8221; Arbeiten aus <\/p>\n\n\n\n<p><a href=\"https:\/\/nadja-siegl.de\/die-gefangene-nachtigall\/\" data-type=\"page\" data-id=\"3976\">&#8220;Die gefangene Nachtigall&#8221;<\/a><\/p>\n\n\n\n<p>In meinem Fotolabor lag \u00fcber Jahre ein Band mit japanischen Haiku, &#8220;Vollmond und Zikadenkl\u00e4nge&#8221;. Ich nutzte die Verse zur Inspiration f\u00fcr meine Fotografie, in der ich mich oft auf Natur und Jahreszeiten fokussiere. Haiku sollen in wenigen Worten Gedankenbilder schaffen. Diesen Ansatz nahm ich f\u00fcr die Serie auf.<\/p>\n\n\n\n<p>Die Bilder wollen das Wesen der Dichtungsart aufgreifen und sich durch neue Interpretation klar von der klassischen Illustration absetzen. Inhalte der Haiku werden neu abgebildet, die Fotos l\u00f6se ich vom Wortlaut. Dazu wird rote Tempera bewusst in aufbrechender Art verwendet.<\/p>\n<\/div><\/div>\n\n\n\n<p><\/p>\n\n\n\n<div class=\"wp-block-image\"><figure class=\"alignleft size-large\"><a href=\"https:\/\/nadja-siegl.de\/wp-content\/uploads\/2026\/04\/IMG_0289.jpg\"><img loading=\"lazy\" width=\"1024\" height=\"839\" src=\"https:\/\/nadja-siegl.de\/wp-content\/uploads\/2026\/04\/IMG_0289-1024x839.jpg\" alt=\"\" class=\"wp-image-4476\" srcset=\"https:\/\/nadja-siegl.de\/wp-content\/uploads\/2026\/04\/IMG_0289-1024x839.jpg 1024w, https:\/\/nadja-siegl.de\/wp-content\/uploads\/2026\/04\/IMG_0289-300x246.jpg 300w, https:\/\/nadja-siegl.de\/wp-content\/uploads\/2026\/04\/IMG_0289-768x629.jpg 768w, https:\/\/nadja-siegl.de\/wp-content\/uploads\/2026\/04\/IMG_0289-690x565.jpg 690w, https:\/\/nadja-siegl.de\/wp-content\/uploads\/2026\/04\/IMG_0289-980x803.jpg 980w, https:\/\/nadja-siegl.de\/wp-content\/uploads\/2026\/04\/IMG_0289.jpg 1417w\" sizes=\"(max-width: 1024px) 100vw, 1024px\" \/><\/a><\/figure><\/div>\n\n\n\n<p><\/p>\n","protected":false},"excerpt":{"rendered":"<p>Vom 27.03. bis 26.05.2026: Arbeiten aus meiner Serie \u201eDie gefangene Nachtigall\u201c kombiniert mit weiteren Manipulografien in der Neuen Kirche Kleinmachnow, Zehlendorfer Damm 211, 14532 Kleinmachnow. Die Er\u00f6ffnung war am 29.03.2026. &#8220;Mir fehlt die See&#8221;, Manipulografien Das helle Meer ruft, Sehnsucht nach fernen Ufern, Einsamkeit vergeht. &#8212;&#8212;&#8212;&#8212;&#8211; Longing for the sea, light waves call from distant [&hellip;]<\/p>\n","protected":false},"author":1,"featured_media":0,"parent":0,"menu_order":0,"comment_status":"closed","ping_status":"closed","template":"","meta":[],"_links":{"self":[{"href":"https:\/\/nadja-siegl.de\/en\/wp-json\/wp\/v2\/pages\/4467"}],"collection":[{"href":"https:\/\/nadja-siegl.de\/en\/wp-json\/wp\/v2\/pages"}],"about":[{"href":"https:\/\/nadja-siegl.de\/en\/wp-json\/wp\/v2\/types\/page"}],"author":[{"embeddable":true,"href":"https:\/\/nadja-siegl.de\/en\/wp-json\/wp\/v2\/users\/1"}],"replies":[{"embeddable":true,"href":"https:\/\/nadja-siegl.de\/en\/wp-json\/wp\/v2\/comments?post=4467"}],"version-history":[{"count":7,"href":"https:\/\/nadja-siegl.de\/en\/wp-json\/wp\/v2\/pages\/4467\/revisions"}],"predecessor-version":[{"id":4486,"href":"https:\/\/nadja-siegl.de\/en\/wp-json\/wp\/v2\/pages\/4467\/revisions\/4486"}],"wp:attachment":[{"href":"https:\/\/nadja-siegl.de\/en\/wp-json\/wp\/v2\/media?parent=4467"}],"curies":[{"name":"wp","href":"https:\/\/api.w.org\/{rel}","templated":true}]}}