{"id":4396,"date":"2026-02-28T16:47:49","date_gmt":"2026-02-28T16:47:49","guid":{"rendered":"https:\/\/nadja-siegl.de\/?page_id=4396"},"modified":"2026-03-08T14:54:16","modified_gmt":"2026-03-08T14:54:16","slug":"wie-ist-die-welt","status":"publish","type":"page","link":"https:\/\/nadja-siegl.de\/en\/wie-ist-die-welt\/","title":{"rendered":"Wie ist die Welt"},"content":{"rendered":"\n<figure class=\"wp-block-gallery columns-3 is-cropped\"><ul class=\"blocks-gallery-grid\"><li class=\"blocks-gallery-item\"><figure><a href=\"https:\/\/nadja-siegl.de\/wp-content\/uploads\/2026\/02\/teske-anja_DSC4118Welt.jpg\"><img loading=\"lazy\" width=\"1024\" height=\"684\" src=\"https:\/\/nadja-siegl.de\/wp-content\/uploads\/2026\/02\/teske-anja_DSC4118Welt-1024x684.jpg\" alt=\"\" data-id=\"4397\" data-full-url=\"https:\/\/nadja-siegl.de\/wp-content\/uploads\/2026\/02\/teske-anja_DSC4118Welt.jpg\" data-link=\"https:\/\/nadja-siegl.de\/?attachment_id=4397\" class=\"wp-image-4397\" srcset=\"https:\/\/nadja-siegl.de\/wp-content\/uploads\/2026\/02\/teske-anja_DSC4118Welt-1024x684.jpg 1024w, https:\/\/nadja-siegl.de\/wp-content\/uploads\/2026\/02\/teske-anja_DSC4118Welt-300x200.jpg 300w, https:\/\/nadja-siegl.de\/wp-content\/uploads\/2026\/02\/teske-anja_DSC4118Welt-768x513.jpg 768w, https:\/\/nadja-siegl.de\/wp-content\/uploads\/2026\/02\/teske-anja_DSC4118Welt-1536x1026.jpg 1536w, https:\/\/nadja-siegl.de\/wp-content\/uploads\/2026\/02\/teske-anja_DSC4118Welt-690x461.jpg 690w, https:\/\/nadja-siegl.de\/wp-content\/uploads\/2026\/02\/teske-anja_DSC4118Welt-980x654.jpg 980w, https:\/\/nadja-siegl.de\/wp-content\/uploads\/2026\/02\/teske-anja_DSC4118Welt.jpg 1890w\" sizes=\"(max-width: 1024px) 100vw, 1024px\" \/><\/a><\/figure><\/li><li class=\"blocks-gallery-item\"><figure><a href=\"https:\/\/nadja-siegl.de\/wp-content\/uploads\/2026\/02\/teske-anja_DSC4120Welt.jpg\"><img loading=\"lazy\" width=\"684\" height=\"1024\" src=\"https:\/\/nadja-siegl.de\/wp-content\/uploads\/2026\/02\/teske-anja_DSC4120Welt-684x1024.jpg\" alt=\"\" data-id=\"4398\" data-full-url=\"https:\/\/nadja-siegl.de\/wp-content\/uploads\/2026\/02\/teske-anja_DSC4120Welt.jpg\" data-link=\"https:\/\/nadja-siegl.de\/?attachment_id=4398\" class=\"wp-image-4398\" srcset=\"https:\/\/nadja-siegl.de\/wp-content\/uploads\/2026\/02\/teske-anja_DSC4120Welt-684x1024.jpg 684w, https:\/\/nadja-siegl.de\/wp-content\/uploads\/2026\/02\/teske-anja_DSC4120Welt-200x300.jpg 200w, https:\/\/nadja-siegl.de\/wp-content\/uploads\/2026\/02\/teske-anja_DSC4120Welt-768x1150.jpg 768w, https:\/\/nadja-siegl.de\/wp-content\/uploads\/2026\/02\/teske-anja_DSC4120Welt-1026x1536.jpg 1026w, https:\/\/nadja-siegl.de\/wp-content\/uploads\/2026\/02\/teske-anja_DSC4120Welt-1367x2048.jpg 1367w, https:\/\/nadja-siegl.de\/wp-content\/uploads\/2026\/02\/teske-anja_DSC4120Welt-690x1033.jpg 690w, https:\/\/nadja-siegl.de\/wp-content\/uploads\/2026\/02\/teske-anja_DSC4120Welt-980x1468.jpg 980w, https:\/\/nadja-siegl.de\/wp-content\/uploads\/2026\/02\/teske-anja_DSC4120Welt.jpg 1577w\" sizes=\"(max-width: 684px) 100vw, 684px\" \/><\/a><\/figure><\/li><li class=\"blocks-gallery-item\"><figure><a href=\"https:\/\/nadja-siegl.de\/wp-content\/uploads\/2026\/02\/teske-anja_DSC4124Welt.jpg\"><img loading=\"lazy\" width=\"684\" height=\"1024\" src=\"https:\/\/nadja-siegl.de\/wp-content\/uploads\/2026\/02\/teske-anja_DSC4124Welt-684x1024.jpg\" alt=\"\" data-id=\"4399\" data-full-url=\"https:\/\/nadja-siegl.de\/wp-content\/uploads\/2026\/02\/teske-anja_DSC4124Welt.jpg\" data-link=\"https:\/\/nadja-siegl.de\/?attachment_id=4399\" class=\"wp-image-4399\" srcset=\"https:\/\/nadja-siegl.de\/wp-content\/uploads\/2026\/02\/teske-anja_DSC4124Welt-684x1024.jpg 684w, https:\/\/nadja-siegl.de\/wp-content\/uploads\/2026\/02\/teske-anja_DSC4124Welt-200x300.jpg 200w, https:\/\/nadja-siegl.de\/wp-content\/uploads\/2026\/02\/teske-anja_DSC4124Welt-768x1150.jpg 768w, https:\/\/nadja-siegl.de\/wp-content\/uploads\/2026\/02\/teske-anja_DSC4124Welt-1026x1536.jpg 1026w, https:\/\/nadja-siegl.de\/wp-content\/uploads\/2026\/02\/teske-anja_DSC4124Welt-1367x2048.jpg 1367w, https:\/\/nadja-siegl.de\/wp-content\/uploads\/2026\/02\/teske-anja_DSC4124Welt-690x1033.jpg 690w, https:\/\/nadja-siegl.de\/wp-content\/uploads\/2026\/02\/teske-anja_DSC4124Welt-980x1468.jpg 980w, https:\/\/nadja-siegl.de\/wp-content\/uploads\/2026\/02\/teske-anja_DSC4124Welt.jpg 1577w\" sizes=\"(max-width: 684px) 100vw, 684px\" \/><\/a><\/figure><\/li><li class=\"blocks-gallery-item\"><figure><a href=\"https:\/\/nadja-siegl.de\/wp-content\/uploads\/2026\/02\/teske-anja_DSC4126Welt.jpg\"><img loading=\"lazy\" width=\"1024\" height=\"684\" src=\"https:\/\/nadja-siegl.de\/wp-content\/uploads\/2026\/02\/teske-anja_DSC4126Welt-1024x684.jpg\" alt=\"\" data-id=\"4400\" data-full-url=\"https:\/\/nadja-siegl.de\/wp-content\/uploads\/2026\/02\/teske-anja_DSC4126Welt.jpg\" data-link=\"https:\/\/nadja-siegl.de\/?attachment_id=4400\" class=\"wp-image-4400\" srcset=\"https:\/\/nadja-siegl.de\/wp-content\/uploads\/2026\/02\/teske-anja_DSC4126Welt-1024x684.jpg 1024w, https:\/\/nadja-siegl.de\/wp-content\/uploads\/2026\/02\/teske-anja_DSC4126Welt-300x200.jpg 300w, https:\/\/nadja-siegl.de\/wp-content\/uploads\/2026\/02\/teske-anja_DSC4126Welt-768x513.jpg 768w, https:\/\/nadja-siegl.de\/wp-content\/uploads\/2026\/02\/teske-anja_DSC4126Welt-1536x1026.jpg 1536w, https:\/\/nadja-siegl.de\/wp-content\/uploads\/2026\/02\/teske-anja_DSC4126Welt-690x461.jpg 690w, https:\/\/nadja-siegl.de\/wp-content\/uploads\/2026\/02\/teske-anja_DSC4126Welt-980x654.jpg 980w, https:\/\/nadja-siegl.de\/wp-content\/uploads\/2026\/02\/teske-anja_DSC4126Welt.jpg 1890w\" sizes=\"(max-width: 1024px) 100vw, 1024px\" \/><\/a><\/figure><\/li><li class=\"blocks-gallery-item\"><figure><a href=\"https:\/\/nadja-siegl.de\/wp-content\/uploads\/2026\/02\/teske-anja_DSC4128Welt.jpg\"><img loading=\"lazy\" width=\"1024\" height=\"684\" src=\"https:\/\/nadja-siegl.de\/wp-content\/uploads\/2026\/02\/teske-anja_DSC4128Welt-1024x684.jpg\" alt=\"\" data-id=\"4401\" data-full-url=\"https:\/\/nadja-siegl.de\/wp-content\/uploads\/2026\/02\/teske-anja_DSC4128Welt.jpg\" data-link=\"https:\/\/nadja-siegl.de\/?attachment_id=4401\" class=\"wp-image-4401\" srcset=\"https:\/\/nadja-siegl.de\/wp-content\/uploads\/2026\/02\/teske-anja_DSC4128Welt-1024x684.jpg 1024w, https:\/\/nadja-siegl.de\/wp-content\/uploads\/2026\/02\/teske-anja_DSC4128Welt-300x200.jpg 300w, https:\/\/nadja-siegl.de\/wp-content\/uploads\/2026\/02\/teske-anja_DSC4128Welt-768x513.jpg 768w, https:\/\/nadja-siegl.de\/wp-content\/uploads\/2026\/02\/teske-anja_DSC4128Welt-1536x1026.jpg 1536w, https:\/\/nadja-siegl.de\/wp-content\/uploads\/2026\/02\/teske-anja_DSC4128Welt-2048x1367.jpg 2048w, https:\/\/nadja-siegl.de\/wp-content\/uploads\/2026\/02\/teske-anja_DSC4128Welt-690x461.jpg 690w, https:\/\/nadja-siegl.de\/wp-content\/uploads\/2026\/02\/teske-anja_DSC4128Welt-980x654.jpg 980w\" sizes=\"(max-width: 1024px) 100vw, 1024px\" \/><\/a><\/figure><\/li><li class=\"blocks-gallery-item\"><figure><a href=\"https:\/\/nadja-siegl.de\/wp-content\/uploads\/2026\/02\/teske-anja_DSC4135Welt.jpg\"><img loading=\"lazy\" width=\"1024\" height=\"684\" src=\"https:\/\/nadja-siegl.de\/wp-content\/uploads\/2026\/02\/teske-anja_DSC4135Welt-1024x684.jpg\" alt=\"\" data-id=\"4402\" data-full-url=\"https:\/\/nadja-siegl.de\/wp-content\/uploads\/2026\/02\/teske-anja_DSC4135Welt.jpg\" data-link=\"https:\/\/nadja-siegl.de\/?attachment_id=4402\" class=\"wp-image-4402\" srcset=\"https:\/\/nadja-siegl.de\/wp-content\/uploads\/2026\/02\/teske-anja_DSC4135Welt-1024x684.jpg 1024w, https:\/\/nadja-siegl.de\/wp-content\/uploads\/2026\/02\/teske-anja_DSC4135Welt-300x200.jpg 300w, https:\/\/nadja-siegl.de\/wp-content\/uploads\/2026\/02\/teske-anja_DSC4135Welt-768x513.jpg 768w, https:\/\/nadja-siegl.de\/wp-content\/uploads\/2026\/02\/teske-anja_DSC4135Welt-1536x1026.jpg 1536w, https:\/\/nadja-siegl.de\/wp-content\/uploads\/2026\/02\/teske-anja_DSC4135Welt-2048x1367.jpg 2048w, https:\/\/nadja-siegl.de\/wp-content\/uploads\/2026\/02\/teske-anja_DSC4135Welt-690x461.jpg 690w, https:\/\/nadja-siegl.de\/wp-content\/uploads\/2026\/02\/teske-anja_DSC4135Welt-980x654.jpg 980w\" sizes=\"(max-width: 1024px) 100vw, 1024px\" \/><\/a><\/figure><\/li><\/ul><\/figure>\n\n\n\n<figure class=\"wp-block-image size-large\"><a href=\"https:\/\/nadja-siegl.de\/wp-content\/uploads\/2026\/03\/Karte_wieistdiewelt_02-scaled.jpg\"><img loading=\"lazy\" width=\"1024\" height=\"742\" src=\"https:\/\/nadja-siegl.de\/wp-content\/uploads\/2026\/03\/Karte_wieistdiewelt_02-1024x742.jpg\" alt=\"\" class=\"wp-image-4409\" srcset=\"https:\/\/nadja-siegl.de\/wp-content\/uploads\/2026\/03\/Karte_wieistdiewelt_02-1024x742.jpg 1024w, https:\/\/nadja-siegl.de\/wp-content\/uploads\/2026\/03\/Karte_wieistdiewelt_02-300x217.jpg 300w, https:\/\/nadja-siegl.de\/wp-content\/uploads\/2026\/03\/Karte_wieistdiewelt_02-768x556.jpg 768w, https:\/\/nadja-siegl.de\/wp-content\/uploads\/2026\/03\/Karte_wieistdiewelt_02-1536x1113.jpg 1536w, https:\/\/nadja-siegl.de\/wp-content\/uploads\/2026\/03\/Karte_wieistdiewelt_02-2048x1483.jpg 2048w, https:\/\/nadja-siegl.de\/wp-content\/uploads\/2026\/03\/Karte_wieistdiewelt_02-360x260.jpg 360w, https:\/\/nadja-siegl.de\/wp-content\/uploads\/2026\/03\/Karte_wieistdiewelt_02-690x500.jpg 690w, https:\/\/nadja-siegl.de\/wp-content\/uploads\/2026\/03\/Karte_wieistdiewelt_02-980x710.jpg 980w\" sizes=\"(max-width: 1024px) 100vw, 1024px\" \/><\/a><\/figure>\n\n\n\n<figure class=\"wp-block-image size-large\"><a href=\"https:\/\/nadja-siegl.de\/wp-content\/uploads\/2026\/03\/IMG_7969.jpg\"><img loading=\"lazy\" width=\"1024\" height=\"768\" src=\"https:\/\/nadja-siegl.de\/wp-content\/uploads\/2026\/03\/IMG_7969-1024x768.jpg\" alt=\"\" class=\"wp-image-4431\" srcset=\"https:\/\/nadja-siegl.de\/wp-content\/uploads\/2026\/03\/IMG_7969-1024x768.jpg 1024w, https:\/\/nadja-siegl.de\/wp-content\/uploads\/2026\/03\/IMG_7969-300x225.jpg 300w, https:\/\/nadja-siegl.de\/wp-content\/uploads\/2026\/03\/IMG_7969-768x576.jpg 768w, https:\/\/nadja-siegl.de\/wp-content\/uploads\/2026\/03\/IMG_7969-1536x1152.jpg 1536w, https:\/\/nadja-siegl.de\/wp-content\/uploads\/2026\/03\/IMG_7969-690x518.jpg 690w, https:\/\/nadja-siegl.de\/wp-content\/uploads\/2026\/03\/IMG_7969-980x735.jpg 980w, https:\/\/nadja-siegl.de\/wp-content\/uploads\/2026\/03\/IMG_7969.jpg 1701w\" sizes=\"(max-width: 1024px) 100vw, 1024px\" \/><\/a><figcaption>Meine Arbeiten mit den Figuren von Emerita Pansovowa<\/figcaption><\/figure>\n\n\n\n<p>Meine Arbeiten der Ausstellung bestehen aus Fotografien und Landschaftsabrieben<br><br>Antarktis &#8211; Fotografien der Algenbl\u00fcte&nbsp;<br>Die Bilder aus der Antarktis zeigen, wie das einst strahlend wei\u00dfe Eis durch die Algenbl\u00fcte in Pastellt\u00f6ne getaucht wurde. Diese Algenbl\u00fcte, in der Masse ein Ergebnis der Erderw\u00e4rmung, verst\u00e4rkt die Erw\u00e4rmung noch.<br>Da die farbige Oberfl\u00e4che wesentlich mehr Sonnenstrahlung absorbiert als wei\u00dfer Schnee, verst\u00e4rkt das Ph\u00e4nomen das Abtauen von Schnee. Vor allem gr\u00fcne Algen k\u00f6nnten die Schneeschmelze deutlich beschleunigen.<br>Die farbigen Muster auf dem Eis sind \u00e4sthetisch faszinierend, aber auch alarmierend, da sie auf tiefgreifende Ver\u00e4nderungen in unserem globalen Klimasystem hinweisen.<br><br>Europa &#8211; Kreideabriebe auf&nbsp;japanischen&nbsp;Tuschpapier<br>Die Arbeiten zeigen Abreibungen, die mit farbiger Kreide erstellt wurden. Diese Technik bringt die vielf\u00e4ltigen Texturen und Strukturen des Vorgefundenen in leuchtenden gr\u00fcnen, rosa und blauen T\u00f6nen zur Geltung. Die Abreibungen sind eine k\u00fcnstlerische Interpretation der nat\u00fcrlichen Formen und Farben. Das Abgeriebene ist im Bild bezeichnet, Koordinaten beschreiben die Fundstelle, die Texte sind ein Auszug meiner Gedanken am Ort.<br><br>Warum diese Kombination?<br>Die Gegen\u00fcberstellung dieser beiden Motivwelten \u2013 die gef\u00e4rbten Eisfl\u00e4chen der Antarktis und die farbigen Abreibungen europ\u00e4ischer Natur \u2013 verdeutlicht, wie sich durch die Algenbl\u00fcte die sonst so fremde Lebenswelt der Antarktis der europ\u00e4ischen Welt n\u00e4hert. Die ungew\u00f6hnlichen Farben auf dem Eis schaffen eine visuelle Verbindung zu den farbigen Abreibungen. Sie zeigt, wie Ver\u00e4nderungen in der Natur dazu f\u00fchren k\u00f6nnen, dass scheinbar weit entfernte Welten n\u00e4her zusammenr\u00fccken und eine neue, unerwartete Beziehung entsteht.<\/p>\n\n\n\n<figure class=\"wp-block-image size-medium is-resized\"><a href=\"https:\/\/nadja-siegl.de\/wp-content\/uploads\/2026\/03\/Selbstportrait.jpg\"><img loading=\"lazy\" src=\"https:\/\/nadja-siegl.de\/wp-content\/uploads\/2026\/03\/Selbstportrait-300x300.jpg\" alt=\"\" class=\"wp-image-4425\" width=\"371\" height=\"371\" srcset=\"https:\/\/nadja-siegl.de\/wp-content\/uploads\/2026\/03\/Selbstportrait-300x300.jpg 300w, https:\/\/nadja-siegl.de\/wp-content\/uploads\/2026\/03\/Selbstportrait-1024x1024.jpg 1024w, https:\/\/nadja-siegl.de\/wp-content\/uploads\/2026\/03\/Selbstportrait-150x150.jpg 150w, https:\/\/nadja-siegl.de\/wp-content\/uploads\/2026\/03\/Selbstportrait-768x767.jpg 768w, https:\/\/nadja-siegl.de\/wp-content\/uploads\/2026\/03\/Selbstportrait-690x689.jpg 690w, https:\/\/nadja-siegl.de\/wp-content\/uploads\/2026\/03\/Selbstportrait-980x979.jpg 980w, https:\/\/nadja-siegl.de\/wp-content\/uploads\/2026\/03\/Selbstportrait.jpg 1401w\" sizes=\"(max-width: 371px) 100vw, 371px\" \/><\/a><figcaption>Foto: Selbstportr\u00e4t 2024.<br>An der Stirnseite des Ausstellungsraumes zeigten die beteiligten K\u00fcnstlerinnen ihre Selbstportr\u00e4ts. <\/figcaption><\/figure>\n\n\n\n<figure class=\"wp-block-image size-large\"><a href=\"https:\/\/nadja-siegl.de\/wp-content\/uploads\/2026\/03\/IMG_7951-scaled.jpg\"><img loading=\"lazy\" width=\"1024\" height=\"586\" src=\"https:\/\/nadja-siegl.de\/wp-content\/uploads\/2026\/03\/IMG_7951-1024x586.jpg\" alt=\"\" class=\"wp-image-4427\" srcset=\"https:\/\/nadja-siegl.de\/wp-content\/uploads\/2026\/03\/IMG_7951-1024x586.jpg 1024w, https:\/\/nadja-siegl.de\/wp-content\/uploads\/2026\/03\/IMG_7951-300x172.jpg 300w, https:\/\/nadja-siegl.de\/wp-content\/uploads\/2026\/03\/IMG_7951-768x439.jpg 768w, https:\/\/nadja-siegl.de\/wp-content\/uploads\/2026\/03\/IMG_7951-1536x878.jpg 1536w, https:\/\/nadja-siegl.de\/wp-content\/uploads\/2026\/03\/IMG_7951-2048x1171.jpg 2048w, https:\/\/nadja-siegl.de\/wp-content\/uploads\/2026\/03\/IMG_7951-690x395.jpg 690w, https:\/\/nadja-siegl.de\/wp-content\/uploads\/2026\/03\/IMG_7951-980x560.jpg 980w\" sizes=\"(max-width: 1024px) 100vw, 1024px\" \/><\/a><\/figure>\n\n\n\n<figure class=\"wp-block-image size-large\"><a href=\"https:\/\/nadja-siegl.de\/wp-content\/uploads\/2026\/03\/FullSizeRender.jpg\"><img loading=\"lazy\" width=\"828\" height=\"1024\" src=\"https:\/\/nadja-siegl.de\/wp-content\/uploads\/2026\/03\/FullSizeRender-828x1024.jpg\" alt=\"\" class=\"wp-image-4429\" srcset=\"https:\/\/nadja-siegl.de\/wp-content\/uploads\/2026\/03\/FullSizeRender-828x1024.jpg 828w, https:\/\/nadja-siegl.de\/wp-content\/uploads\/2026\/03\/FullSizeRender-242x300.jpg 242w, https:\/\/nadja-siegl.de\/wp-content\/uploads\/2026\/03\/FullSizeRender-768x950.jpg 768w, https:\/\/nadja-siegl.de\/wp-content\/uploads\/2026\/03\/FullSizeRender-1242x1536.jpg 1242w, https:\/\/nadja-siegl.de\/wp-content\/uploads\/2026\/03\/FullSizeRender-690x854.jpg 690w, https:\/\/nadja-siegl.de\/wp-content\/uploads\/2026\/03\/FullSizeRender-980x1212.jpg 980w, https:\/\/nadja-siegl.de\/wp-content\/uploads\/2026\/03\/FullSizeRender.jpg 1417w\" sizes=\"(max-width: 828px) 100vw, 828px\" \/><\/a><\/figure>\n","protected":false},"excerpt":{"rendered":"<p>Meine Arbeiten der Ausstellung bestehen aus Fotografien und Landschaftsabrieben Antarktis &#8211; Fotografien der Algenbl\u00fcte&nbsp;Die Bilder aus der Antarktis zeigen, wie das einst strahlend wei\u00dfe Eis durch die Algenbl\u00fcte in Pastellt\u00f6ne getaucht wurde. Diese Algenbl\u00fcte, in der Masse ein Ergebnis der Erderw\u00e4rmung, verst\u00e4rkt die Erw\u00e4rmung noch.Da die farbige Oberfl\u00e4che wesentlich mehr Sonnenstrahlung absorbiert als wei\u00dfer Schnee, [&hellip;]<\/p>\n","protected":false},"author":1,"featured_media":0,"parent":0,"menu_order":0,"comment_status":"closed","ping_status":"closed","template":"","meta":[],"_links":{"self":[{"href":"https:\/\/nadja-siegl.de\/en\/wp-json\/wp\/v2\/pages\/4396"}],"collection":[{"href":"https:\/\/nadja-siegl.de\/en\/wp-json\/wp\/v2\/pages"}],"about":[{"href":"https:\/\/nadja-siegl.de\/en\/wp-json\/wp\/v2\/types\/page"}],"author":[{"embeddable":true,"href":"https:\/\/nadja-siegl.de\/en\/wp-json\/wp\/v2\/users\/1"}],"replies":[{"embeddable":true,"href":"https:\/\/nadja-siegl.de\/en\/wp-json\/wp\/v2\/comments?post=4396"}],"version-history":[{"count":6,"href":"https:\/\/nadja-siegl.de\/en\/wp-json\/wp\/v2\/pages\/4396\/revisions"}],"predecessor-version":[{"id":4435,"href":"https:\/\/nadja-siegl.de\/en\/wp-json\/wp\/v2\/pages\/4396\/revisions\/4435"}],"wp:attachment":[{"href":"https:\/\/nadja-siegl.de\/en\/wp-json\/wp\/v2\/media?parent=4396"}],"curies":[{"name":"wp","href":"https:\/\/api.w.org\/{rel}","templated":true}]}}