{"id":4095,"date":"2023-08-03T13:24:52","date_gmt":"2023-08-03T13:24:52","guid":{"rendered":"http:\/\/nadja-siegl.de\/?page_id=4095"},"modified":"2023-08-03T13:25:29","modified_gmt":"2023-08-03T13:25:29","slug":"presseerklaerung","status":"publish","type":"page","link":"https:\/\/nadja-siegl.de\/en\/presseerklaerung\/","title":{"rendered":"Presseerkl\u00e4rung:"},"content":{"rendered":"\n<p>Teltow am 10. September, dem Tag des Offenen Denkmals 2023<\/p>\n\n\n\n<p>\u00dcber 100 und noch immer kr\u00e4ftig, sch\u00f6n und frisch<\/p>\n\n\n\n<p>\u00d6ffentliche Kunstaktion der \u201eblutorangen\u201c an der alten Biomalz-Fabrik&nbsp;<\/p>\n\n\n\n<p>Die alte Biomalzfabrik in der Iserstra\u00dfe 8-10 geh\u00f6rt zu den bedeutendsten Industriedenkm\u00e4lern der Region Teltow-Kleinmachnow-Stahnsdorf. Heute hinter Wohnh\u00e4usern, einer Garagenanlage aus den 1960er Jahren und B\u00e4umen versteckt, ist der rote Klinkerbau mit seiner Skelettbauweise ein gelungenes Beispiel der Reformarchitektur des vorigen Jahrhunderts. Ende Dezember 2010 wurde&nbsp; die 1911 errichtete Fabrikationsanlage mit Verwaltungsgeb\u00e4ude und Kontorhaus in die Liste der Teltower Baudenkmale eingetragen.&nbsp;<\/p>\n\n\n\n<p>Sowohl die Architektur als auch die Produktionsweise des auf nat\u00fcrlichen Rohstoffen basierenden St\u00e4rkungsmittels aus Gerste (anf\u00e4nglich vor allem f\u00fcr schwangere Frauen bestimmt) waren vor 100 Jahren etwas Besonderes. So wurde &#8211; um nur ein Beispiel zu nennen &#8211; die f\u00fcr die Fertigung ben\u00f6tigte Energie \u00fcber Dampfmaschinentechnik in der Fabrik selbst\u00e4ndig erzeugt . Im Jahr 2023 ist es also Wert, dass wir uns an die Geschichte dieser Produktionsst\u00e4tte erinnern. Denn sie legt Zeugnis ab von einem fr\u00fcheren Leben, das mit der Er\u00f6ffnung des Teltow Kanals begann und aus dem kleinen m\u00e4rkischen St\u00e4dtchen mit seinen Ackerb\u00fcrgern \u00fcber 100 Jahre hindurch einen Industriestandort machte.&nbsp; &nbsp; &nbsp;<\/p>\n\n\n\n<p>Die Frauen der regionalen K\u00fcnstlerinnengemeinschaft \u201eblutorangen\u201c wollen mit ihrer Aktion zum Tag des Offenen Denkmals 2023 daran erinnern, dass durch die K\u00f6pfe und H\u00e4nde unserer Vorfahren das Fundament geschaffen wurde, auf dem auch im Jahr 2023 das Leben in Teltow abl\u00e4uft.&nbsp;<\/p>\n\n\n\n<p><strong><em>Geplanter Inhalt und zeitlicher Ablauf der Kunstaktion \u201eZeitenLauf\u201c<\/em><\/strong><\/p>\n\n\n\n<p>Das Wissen und die anschaulichen Bilder der Geschichte (Dokumente, Fotos, Drucke, Werbebildkarten) werden von den blutorangen benutzt, um alte und neuere Mauersteine als Tr\u00e4ger mit Minikunstwerken&nbsp; im Format (ca. 30 cm lang, 20 cm breit) zu bemalen, zu f\u00e4rben, zu bedrucken&nbsp; und als Denkansto\u00df zu einem \u00f6ffentlichen und f\u00fcr l\u00e4ngere Zeit zug\u00e4nglichen \u201eAusstellungsobjekt\u201c auf dem Gel\u00e4nde der alten Biomalz-Fabrik bzw.der heutigen Teltomalz GmbH zu errichten.<\/p>\n\n\n\n<p>Juni \/ Juli&nbsp; \/ August 23:<\/p>\n\n\n\n<ul><li>K\u00fcnstlerischen Adaptionen von Werbespr\u00fcchen und -Karten durch die K\u00fcnstlerinnen der \u201eblutorangen\u201c auf mehrheitlich alten Backsteinen mit ihrem charakteristischen Rot und auf einzelnen etwas neueren Mauersteinen in Grau<\/li><\/ul>\n\n\n\n<p>August \/ September 23:<\/p>\n\n\n\n<ul><li>Anfertigen des \u201eDenk-Mal\u201cs, das hei\u00dft Aufbau im Freien auf dem Gel\u00e4nde der alten Biomalz-Fabrik an der Iserstra\u00dfe (genauer Platz in der N\u00e4he des Geb\u00e4udes, in dem die heutige Verwaltung der Teltomalz GmbH sitzt.) Auf einer Holzpalette der Myro-Patermann-KG werden die bemalten Steine mit Zement\/M\u00f6rtel befestigt, die Palette wird nach dem Trocknen am oberen Rand durch untergelegte Steine in eine schiefe Ebene gebracht.&nbsp;<\/li><li>Das so pr\u00e4sentierte Objekt erh\u00e4lt die Bezeichnung <strong><em>ZeitenLauf<\/em><\/strong> (Arbeitstitel).<\/li><li>Neben der Palette wird eine Texttafel aufgestellt (Metall bedruckt) und wird zu den Zielen der blutorangen-Aktion informieren.<\/li><\/ul>\n\n\n\n<p>September 2023 bis Sommer 2024 (?):<\/p>\n\n\n\n<ul><li>10. 9. 23&nbsp; =&nbsp; Tag des offenen Denkmals (genauere Planung f\u00fcr den Tag muss noch vorgenommen werden)&nbsp;<\/li><li>Dokumentieren ( u. a. mit&nbsp; Fotos) der Ver\u00e4nderungen, die die Zeit des 21. Jahrhunderts, die die Natur (Regen, Sonne, Wind, Hagel, Schnee) und vielleicht auch der Mensch unserer Gegenwart mit den Materialien, die im Denkmal zu Gegenst\u00e4nden wurden, vornimmt<\/li><\/ul>\n\n\n\n<p>10. September, Tag des offenen Denkmals 2023:<\/p>\n\n\n\n<ul><li>\u00dcbergabe des Denkmals an die Teltowmalz GmbH, an die ans\u00e4ssigen Gewerbetreibenden und an die Besucher der alten Biomalz Fabrik<\/li><li><\/li><li>&#8212;&#8212;&#8212;&#8212;&#8212;&#8212;&#8212;&#8212;&#8212;&#8212;&#8212;&#8212;&#8212;&#8212;&#8212;&#8212;&#8212;&#8212;&#8212;&#8212;&#8211;<\/li><li><\/li><\/ul>\n","protected":false},"excerpt":{"rendered":"<p>Teltow am 10. September, dem Tag des Offenen Denkmals 2023 \u00dcber 100 und noch immer kr\u00e4ftig, sch\u00f6n und frisch \u00d6ffentliche Kunstaktion der \u201eblutorangen\u201c an der alten Biomalz-Fabrik&nbsp; Die alte Biomalzfabrik in der Iserstra\u00dfe 8-10 geh\u00f6rt zu den bedeutendsten Industriedenkm\u00e4lern der Region Teltow-Kleinmachnow-Stahnsdorf. Heute hinter Wohnh\u00e4usern, einer Garagenanlage aus den 1960er Jahren und B\u00e4umen versteckt, ist [&hellip;]<\/p>\n","protected":false},"author":1,"featured_media":0,"parent":0,"menu_order":0,"comment_status":"closed","ping_status":"closed","template":"","meta":[],"_links":{"self":[{"href":"https:\/\/nadja-siegl.de\/en\/wp-json\/wp\/v2\/pages\/4095"}],"collection":[{"href":"https:\/\/nadja-siegl.de\/en\/wp-json\/wp\/v2\/pages"}],"about":[{"href":"https:\/\/nadja-siegl.de\/en\/wp-json\/wp\/v2\/types\/page"}],"author":[{"embeddable":true,"href":"https:\/\/nadja-siegl.de\/en\/wp-json\/wp\/v2\/users\/1"}],"replies":[{"embeddable":true,"href":"https:\/\/nadja-siegl.de\/en\/wp-json\/wp\/v2\/comments?post=4095"}],"version-history":[{"count":2,"href":"https:\/\/nadja-siegl.de\/en\/wp-json\/wp\/v2\/pages\/4095\/revisions"}],"predecessor-version":[{"id":4098,"href":"https:\/\/nadja-siegl.de\/en\/wp-json\/wp\/v2\/pages\/4095\/revisions\/4098"}],"wp:attachment":[{"href":"https:\/\/nadja-siegl.de\/en\/wp-json\/wp\/v2\/media?parent=4095"}],"curies":[{"name":"wp","href":"https:\/\/api.w.org\/{rel}","templated":true}]}}