{"id":4075,"date":"2023-07-13T15:30:11","date_gmt":"2023-07-13T15:30:11","guid":{"rendered":"http:\/\/nadja-siegl.de\/?page_id=4075"},"modified":"2023-08-03T13:41:16","modified_gmt":"2023-08-03T13:41:16","slug":"denk-mal-kunstaktion-an-der-biomalz-fabrik-zum-tag-des-offenen-denkmals-2023","status":"publish","type":"page","link":"https:\/\/nadja-siegl.de\/en\/denk-mal-kunstaktion-an-der-biomalz-fabrik-zum-tag-des-offenen-denkmals-2023\/","title":{"rendered":"\u201eDenk-Mal\u201c &#8211; Kunstaktion an der Biomalz-Fabrik zum Tag des Offenen Denkmals 2023"},"content":{"rendered":"\n<p>Wir nehmen die Geschichte der Biomalz GmbH als Beispiel f\u00fcr die Industrialisierung Teltows im 20. Jahrhundert. Diese Entwicklung setzte vor allem nach der Er\u00f6ffnung des Teltow Kanals im Jahre 1906 ein. Nur f\u00fcnf Jahre sp\u00e4ter begann der Bau der alten Biomalz-Fabrik.<br><br>Inspiriert durch Dokumente und Daten aus der Biomalz-Geschichte, durch Kopien von Werbepostkarten und -plakaten sowie durch historische Fotos, wollen wir Heutigen daran erinnern, dass durch die K\u00f6pfe und H\u00e4nde unserer Vorfahren das Fundament geschaffen wurde, auf dem das Leben im Jahr 2023 ablaufen kann.<br><\/p>\n\n\n\n<p>____________________________<\/p>\n\n\n\n<p><strong><a href=\"http:\/\/nadja-siegl.de\/presseerklaerung\/\" data-type=\"page\" data-id=\"4095\">Presseerkl\u00e4rung<\/a><\/strong> (\u00f6ffnet in neuem Fenster)<\/p>\n\n\n\n<p><a href=\"http:\/\/nadja-siegl.de\/dokumentation-entstehung-denk-mal-2023\/\">Dokumentation des Entstehens<\/a> (\u00f6ffnet in neuem Fenster)<\/p>\n\n\n\n<p>______________________________<\/p>\n\n\n\n<p><strong>Kunstaktion<\/strong>:<br>Aufbringen der k\u00fcnstlerischen Adaptionen auf alten und neuen Ziegelsteinen, Anfertigen des \u201eDenk-Mal\u201cs:<\/p>\n\n\n\n<p>Das Wissen und die anschaulichen Bilder der Geschichte werden von uns blutorangen auf alte und neuere Ziegelsteine \u00fcbertragen und als Denkansto\u00df zu einem \u00f6ffentlichen und f\u00fcr l\u00e4ngere Zeit zug\u00e4nglichen \u201eDenkmal\u201c auf dem Gel\u00e4nde der alten Biomalz-Fabrik aufgebaut.<br><\/p>\n\n\n\n<p><br><br>Die Fotografien der Ver\u00e4nderungen, die Natur (Regen, Sonne, Wind, Hagel, Schnee) und vielleicht auch der Mensch unserer Gegenwart mit den Gegenst\u00e4nden vornimmt sind in folgender Bildergalerie zu sehen.<br>Eine Texttafel neben dem Objekt beschreibt das Denkmal.<\/p>\n\n\n\n<p>_____________________________<\/p>\n\n\n\n<p><strong>Gedankenspiele<\/strong>:<\/p>\n\n\n\n<pre class=\"wp-block-verse\">Die Br\u00fccke\n\nDie Vergangenheit, \ndie trennt\nDie Verbindung\nDer Tag\nDie Vergangenheit,\ndie bindet\nKopf und Hand\nDie Verbindung\nKopf und Hand und Herz\nVerbindungen\nDie Erinnerung\nDie Zeit,\ndie still steht\nDas Abenteuer\nDie Zeit,\ndie verrinnt, unaufh\u00f6rlich\nDer Tag\nDie Br\u00fccke\nJeder Tag -\nein Anfang der Br\u00fccke\n\n(Helma H\u00f6rath)\n<\/pre>\n\n\n\n<p>&#8212;&#8212;&#8212;&#8212;&#8212;&#8212;&#8212;&#8212;&#8212;-<\/p>\n\n\n\n<pre class=\"wp-block-verse\">GERONNEN\n\nzu meiner \nZeit\nzu deiner\nZeit \nzu seiner\nZeit \nzu ihrer\nZeit\nzu eurer\nZeit\nzu unserer\nZeit \n\nZEITAUFNAHME\n\n(Helma H\u00f6rath)\n---------------------------------\n\nH\u00e4nde weben Raum,\newig stark, Backsteinwandel,\nIndustrie schafft Kraft.\n\n(Nadja Siegl)\n\n_______________________________________\n<\/pre>\n\n\n\n<p><\/p>\n\n\n\n<figure class=\"wp-block-image size-full\"><a href=\"http:\/\/nadja-siegl.de\/wp-content\/uploads\/2023\/07\/Orangenscheiben-1.png\"><img loading=\"lazy\" width=\"878\" height=\"146\" src=\"http:\/\/nadja-siegl.de\/wp-content\/uploads\/2023\/07\/Orangenscheiben-1.png\" alt=\"\" class=\"wp-image-4077\" srcset=\"https:\/\/nadja-siegl.de\/wp-content\/uploads\/2023\/07\/Orangenscheiben-1.png 878w, https:\/\/nadja-siegl.de\/wp-content\/uploads\/2023\/07\/Orangenscheiben-1-300x50.png 300w, https:\/\/nadja-siegl.de\/wp-content\/uploads\/2023\/07\/Orangenscheiben-1-768x128.png 768w, https:\/\/nadja-siegl.de\/wp-content\/uploads\/2023\/07\/Orangenscheiben-1-690x115.png 690w\" sizes=\"(max-width: 878px) 100vw, 878px\" \/><\/a><\/figure>\n\n\n\n<p><a href=\"http:\/\/www.maliblu.de\/ueber_uns.htm\">Internetseite der >blutorangen<<\/a><\/p>\n","protected":false},"excerpt":{"rendered":"<p>Wir nehmen die Geschichte der Biomalz GmbH als Beispiel f\u00fcr die Industrialisierung Teltows im 20. Jahrhundert. Diese Entwicklung setzte vor allem nach der Er\u00f6ffnung des Teltow Kanals im Jahre 1906 ein. Nur f\u00fcnf Jahre sp\u00e4ter begann der Bau der alten Biomalz-Fabrik. Inspiriert durch Dokumente und Daten aus der Biomalz-Geschichte, durch Kopien von Werbepostkarten und -plakaten [&hellip;]<\/p>\n","protected":false},"author":1,"featured_media":0,"parent":0,"menu_order":0,"comment_status":"closed","ping_status":"closed","template":"","meta":[],"_links":{"self":[{"href":"https:\/\/nadja-siegl.de\/en\/wp-json\/wp\/v2\/pages\/4075"}],"collection":[{"href":"https:\/\/nadja-siegl.de\/en\/wp-json\/wp\/v2\/pages"}],"about":[{"href":"https:\/\/nadja-siegl.de\/en\/wp-json\/wp\/v2\/types\/page"}],"author":[{"embeddable":true,"href":"https:\/\/nadja-siegl.de\/en\/wp-json\/wp\/v2\/users\/1"}],"replies":[{"embeddable":true,"href":"https:\/\/nadja-siegl.de\/en\/wp-json\/wp\/v2\/comments?post=4075"}],"version-history":[{"count":12,"href":"https:\/\/nadja-siegl.de\/en\/wp-json\/wp\/v2\/pages\/4075\/revisions"}],"predecessor-version":[{"id":4114,"href":"https:\/\/nadja-siegl.de\/en\/wp-json\/wp\/v2\/pages\/4075\/revisions\/4114"}],"wp:attachment":[{"href":"https:\/\/nadja-siegl.de\/en\/wp-json\/wp\/v2\/media?parent=4075"}],"curies":[{"name":"wp","href":"https:\/\/api.w.org\/{rel}","templated":true}]}}