{"id":3981,"date":"2023-04-14T10:12:27","date_gmt":"2023-04-14T10:12:27","guid":{"rendered":"http:\/\/nadja-siegl.de\/?page_id=3981"},"modified":"2023-04-14T12:19:06","modified_gmt":"2023-04-14T12:19:06","slug":"ueber-mauern-den-himmel-beruehren","status":"publish","type":"page","link":"https:\/\/nadja-siegl.de\/en\/ueber-mauern-den-himmel-beruehren\/","title":{"rendered":"\u00dcber Mauern &#8211; den Himmel ber\u00fchren"},"content":{"rendered":"\n<figure class=\"wp-block-image size-large\"><a href=\"http:\/\/nadja-siegl.de\/wp-content\/uploads\/2022\/05\/test-saal-2.jpg\"><img loading=\"lazy\" width=\"1024\" height=\"732\" src=\"http:\/\/nadja-siegl.de\/wp-content\/uploads\/2022\/05\/test-saal-2-1024x732.jpg\" alt=\"\" class=\"wp-image-3537\" srcset=\"https:\/\/nadja-siegl.de\/wp-content\/uploads\/2022\/05\/test-saal-2-1024x732.jpg 1024w, https:\/\/nadja-siegl.de\/wp-content\/uploads\/2022\/05\/test-saal-2-300x214.jpg 300w, https:\/\/nadja-siegl.de\/wp-content\/uploads\/2022\/05\/test-saal-2-768x549.jpg 768w, https:\/\/nadja-siegl.de\/wp-content\/uploads\/2022\/05\/test-saal-2-690x493.jpg 690w, https:\/\/nadja-siegl.de\/wp-content\/uploads\/2022\/05\/test-saal-2-980x700.jpg 980w, https:\/\/nadja-siegl.de\/wp-content\/uploads\/2022\/05\/test-saal-2.jpg 1181w\" sizes=\"(max-width: 1024px) 100vw, 1024px\" \/><\/a><\/figure>\n\n\n\n<p>Statement: Wo sich Weltanschauungen, Systeme und Materialien abgrenzen, ber\u00fchrt sich doch Luft dar\u00fcber.\u201cAlles h\u00e4ngt mit allem zusammen\u201d ist unmittelbares Erleben. Um so mehr ber\u00fchrt es, wenn Dinge Chaos ausl\u00f6sen, selbst entfernt von der eigenen Situation oder dem eigenen Standort.<\/p>\n\n\n\n<p>Ich habe die Bilder der Berliner Mauer, die ich zu <a href=\"http:\/\/nadja-siegl.de\/2018\/09\/off-wall\/\" data-type=\"post\" data-id=\"2540\">25 Jahre Mauerfall im Rathaus Steglitz<\/a> ausstellte, als Symbol des absurd Trennenden kombiniert mit der Manipulography der Aufl\u00f6sung von Farbe und Form im Himmel &#8211; eben dort, wo sich Luft an der menschgemachten Grenze ber\u00fchrt und diese aufl\u00f6st.<\/p>\n\n\n\n<p><\/p>\n\n\n\n<p id=\"block-9624e7f0-6805-4e22-bd12-13830f8979b6\">Die Arbeit habe ich beim <a href=\"https:\/\/emop-berlin.eu\/en\/exhibition\/kontaktschleife\/6d65b867-8202-4382-8dc9-06e8491b26aa\/\">EMOP 2023<\/a> im Haus Kunst Mitte Berlin gezeigt. Sie war Bestandteil der Ausstellung &#8220;Kontaktschleife&#8221; des VdBK 1867.<\/p>\n\n\n\n<p><a href=\"https:\/\/www.youtube.com\/watch?v=LIUfK54aOiM\">Link Rundgang in youtube<\/a><\/p>\n\n\n\n<p id=\"block-8443c712-eb18-4211-89ec-6a2ae3195a48\"><\/p>\n\n\n\n<div class=\"wp-block-media-text alignwide is-stacked-on-mobile is-vertically-aligned-top\"><figure class=\"wp-block-media-text__media\"><img loading=\"lazy\" width=\"1024\" height=\"771\" src=\"http:\/\/nadja-siegl.de\/wp-content\/uploads\/2023\/03\/ueber-mauern-web-1024x771.jpeg\" alt=\"\" class=\"wp-image-3958 size-full\" srcset=\"https:\/\/nadja-siegl.de\/wp-content\/uploads\/2023\/03\/ueber-mauern-web-1024x771.jpeg 1024w, https:\/\/nadja-siegl.de\/wp-content\/uploads\/2023\/03\/ueber-mauern-web-300x226.jpeg 300w, https:\/\/nadja-siegl.de\/wp-content\/uploads\/2023\/03\/ueber-mauern-web-768x578.jpeg 768w, https:\/\/nadja-siegl.de\/wp-content\/uploads\/2023\/03\/ueber-mauern-web-690x519.jpeg 690w, https:\/\/nadja-siegl.de\/wp-content\/uploads\/2023\/03\/ueber-mauern-web-980x738.jpeg 980w, https:\/\/nadja-siegl.de\/wp-content\/uploads\/2023\/03\/ueber-mauern-web.jpeg 1181w\" sizes=\"(max-width: 1024px) 100vw, 1024px\" \/><\/figure><div class=\"wp-block-media-text__content\">\n<p>Nebenstehend  Ausstellungansicht der Arbeit &#8220;\u00dcber Mauern &#8211; den Himmel ber\u00fchren&#8221;, Fotografien und Manipulography.<\/p>\n\n\n\n<p>Eine Manipulography ist eine von mir entwickelte Technik der manuellen Manipulation von Bildern nach deren Entwicklung. <\/p>\n<\/div><\/div>\n\n\n\n<p id=\"block-997b47e1-a987-49a9-be41-c8900271f4f9\"><\/p>\n","protected":false},"excerpt":{"rendered":"<p>Statement: Wo sich Weltanschauungen, Systeme und Materialien abgrenzen, ber\u00fchrt sich doch Luft dar\u00fcber.\u201cAlles h\u00e4ngt mit allem zusammen\u201d ist unmittelbares Erleben. Um so mehr ber\u00fchrt es, wenn Dinge Chaos ausl\u00f6sen, selbst entfernt von der eigenen Situation oder dem eigenen Standort. Ich habe die Bilder der Berliner Mauer, die ich zu 25 Jahre Mauerfall im Rathaus Steglitz [&hellip;]<\/p>\n","protected":false},"author":1,"featured_media":0,"parent":0,"menu_order":0,"comment_status":"closed","ping_status":"closed","template":"","meta":[],"_links":{"self":[{"href":"https:\/\/nadja-siegl.de\/en\/wp-json\/wp\/v2\/pages\/3981"}],"collection":[{"href":"https:\/\/nadja-siegl.de\/en\/wp-json\/wp\/v2\/pages"}],"about":[{"href":"https:\/\/nadja-siegl.de\/en\/wp-json\/wp\/v2\/types\/page"}],"author":[{"embeddable":true,"href":"https:\/\/nadja-siegl.de\/en\/wp-json\/wp\/v2\/users\/1"}],"replies":[{"embeddable":true,"href":"https:\/\/nadja-siegl.de\/en\/wp-json\/wp\/v2\/comments?post=3981"}],"version-history":[{"count":5,"href":"https:\/\/nadja-siegl.de\/en\/wp-json\/wp\/v2\/pages\/3981\/revisions"}],"predecessor-version":[{"id":4002,"href":"https:\/\/nadja-siegl.de\/en\/wp-json\/wp\/v2\/pages\/3981\/revisions\/4002"}],"wp:attachment":[{"href":"https:\/\/nadja-siegl.de\/en\/wp-json\/wp\/v2\/media?parent=3981"}],"curies":[{"name":"wp","href":"https:\/\/api.w.org\/{rel}","templated":true}]}}