{"id":3976,"date":"2023-04-14T10:00:51","date_gmt":"2023-04-14T10:00:51","guid":{"rendered":"http:\/\/nadja-siegl.de\/?page_id=3976"},"modified":"2023-04-20T14:37:04","modified_gmt":"2023-04-20T14:37:04","slug":"die-gefangene-nachtigall","status":"publish","type":"page","link":"https:\/\/nadja-siegl.de\/en\/die-gefangene-nachtigall\/","title":{"rendered":"Die gefangene Nachtigall"},"content":{"rendered":"\n<h1>fotografische Haiku-Interpretationen<\/h1>\n\n\n\n<p>Die gefangene Nachtigall<\/p>\n\n\n\n<p>Laut, als s\u00e4he sie<br>ihres K\u00e4figs St\u00e4be nicht,<br>singt die Nachtigall!<\/p>\n\n\n\n<div class=\"wp-block-image\"><figure class=\"aligncenter\"><img src=\"https:\/\/beatewonde.de\/img\/2017\/05\/21bfbb5a294f47c6aaf9e85c4ceeff10-250x350.jpg\" alt=\"\"\/><\/figure><\/div>\n\n\n\n<p>Beispiele aus der Ausstellung mit 16 Bildern, Fotoarbeiten:<\/p>\n\n\n\n<figure class=\"wp-block-gallery columns-3 is-cropped\"><ul class=\"blocks-gallery-grid\"><li class=\"blocks-gallery-item\"><figure><img loading=\"lazy\" width=\"2480\" height=\"3507\" src=\"http:\/\/nadja-siegl.de\/wp-content\/uploads\/2017\/10\/h-bew-16.jpg\" alt=\"\" data-id=\"2240\" class=\"wp-image-2240\" srcset=\"https:\/\/nadja-siegl.de\/wp-content\/uploads\/2017\/10\/h-bew-16.jpg 2480w, https:\/\/nadja-siegl.de\/wp-content\/uploads\/2017\/10\/h-bew-16-212x300.jpg 212w, https:\/\/nadja-siegl.de\/wp-content\/uploads\/2017\/10\/h-bew-16-768x1086.jpg 768w, https:\/\/nadja-siegl.de\/wp-content\/uploads\/2017\/10\/h-bew-16-724x1024.jpg 724w, https:\/\/nadja-siegl.de\/wp-content\/uploads\/2017\/10\/h-bew-16-690x976.jpg 690w, https:\/\/nadja-siegl.de\/wp-content\/uploads\/2017\/10\/h-bew-16-980x1386.jpg 980w\" sizes=\"(max-width: 2480px) 100vw, 2480px\" \/><\/figure><\/li><li class=\"blocks-gallery-item\"><figure><img loading=\"lazy\" width=\"2480\" height=\"3507\" src=\"http:\/\/nadja-siegl.de\/wp-content\/uploads\/2017\/10\/h-bew-15.jpg\" alt=\"\" data-id=\"2239\" class=\"wp-image-2239\" srcset=\"https:\/\/nadja-siegl.de\/wp-content\/uploads\/2017\/10\/h-bew-15.jpg 2480w, https:\/\/nadja-siegl.de\/wp-content\/uploads\/2017\/10\/h-bew-15-212x300.jpg 212w, https:\/\/nadja-siegl.de\/wp-content\/uploads\/2017\/10\/h-bew-15-768x1086.jpg 768w, https:\/\/nadja-siegl.de\/wp-content\/uploads\/2017\/10\/h-bew-15-724x1024.jpg 724w, https:\/\/nadja-siegl.de\/wp-content\/uploads\/2017\/10\/h-bew-15-690x976.jpg 690w, https:\/\/nadja-siegl.de\/wp-content\/uploads\/2017\/10\/h-bew-15-980x1386.jpg 980w\" sizes=\"(max-width: 2480px) 100vw, 2480px\" \/><\/figure><\/li><li class=\"blocks-gallery-item\"><figure><img loading=\"lazy\" width=\"2480\" height=\"3507\" src=\"http:\/\/nadja-siegl.de\/wp-content\/uploads\/2017\/10\/h-bew-14.jpg\" alt=\"\" data-id=\"2238\" class=\"wp-image-2238\" srcset=\"https:\/\/nadja-siegl.de\/wp-content\/uploads\/2017\/10\/h-bew-14.jpg 2480w, https:\/\/nadja-siegl.de\/wp-content\/uploads\/2017\/10\/h-bew-14-212x300.jpg 212w, https:\/\/nadja-siegl.de\/wp-content\/uploads\/2017\/10\/h-bew-14-768x1086.jpg 768w, https:\/\/nadja-siegl.de\/wp-content\/uploads\/2017\/10\/h-bew-14-724x1024.jpg 724w, https:\/\/nadja-siegl.de\/wp-content\/uploads\/2017\/10\/h-bew-14-690x976.jpg 690w, https:\/\/nadja-siegl.de\/wp-content\/uploads\/2017\/10\/h-bew-14-980x1386.jpg 980w\" sizes=\"(max-width: 2480px) 100vw, 2480px\" \/><\/figure><\/li><li class=\"blocks-gallery-item\"><figure><img loading=\"lazy\" width=\"2480\" height=\"3507\" src=\"http:\/\/nadja-siegl.de\/wp-content\/uploads\/2017\/10\/h-bew-13.jpg\" alt=\"\" data-id=\"2237\" class=\"wp-image-2237\" srcset=\"https:\/\/nadja-siegl.de\/wp-content\/uploads\/2017\/10\/h-bew-13.jpg 2480w, https:\/\/nadja-siegl.de\/wp-content\/uploads\/2017\/10\/h-bew-13-212x300.jpg 212w, https:\/\/nadja-siegl.de\/wp-content\/uploads\/2017\/10\/h-bew-13-768x1086.jpg 768w, https:\/\/nadja-siegl.de\/wp-content\/uploads\/2017\/10\/h-bew-13-724x1024.jpg 724w, https:\/\/nadja-siegl.de\/wp-content\/uploads\/2017\/10\/h-bew-13-690x976.jpg 690w, https:\/\/nadja-siegl.de\/wp-content\/uploads\/2017\/10\/h-bew-13-980x1386.jpg 980w\" sizes=\"(max-width: 2480px) 100vw, 2480px\" \/><\/figure><\/li><li class=\"blocks-gallery-item\"><figure><img loading=\"lazy\" width=\"2480\" height=\"3507\" src=\"http:\/\/nadja-siegl.de\/wp-content\/uploads\/2017\/10\/h-bew-12.jpg\" alt=\"\" data-id=\"2236\" class=\"wp-image-2236\" srcset=\"https:\/\/nadja-siegl.de\/wp-content\/uploads\/2017\/10\/h-bew-12.jpg 2480w, https:\/\/nadja-siegl.de\/wp-content\/uploads\/2017\/10\/h-bew-12-212x300.jpg 212w, https:\/\/nadja-siegl.de\/wp-content\/uploads\/2017\/10\/h-bew-12-768x1086.jpg 768w, https:\/\/nadja-siegl.de\/wp-content\/uploads\/2017\/10\/h-bew-12-724x1024.jpg 724w, https:\/\/nadja-siegl.de\/wp-content\/uploads\/2017\/10\/h-bew-12-690x976.jpg 690w, https:\/\/nadja-siegl.de\/wp-content\/uploads\/2017\/10\/h-bew-12-980x1386.jpg 980w\" sizes=\"(max-width: 2480px) 100vw, 2480px\" \/><\/figure><\/li><li class=\"blocks-gallery-item\"><figure><img loading=\"lazy\" width=\"2480\" height=\"3507\" src=\"http:\/\/nadja-siegl.de\/wp-content\/uploads\/2017\/10\/h-bew-11.jpg\" alt=\"\" data-id=\"2235\" class=\"wp-image-2235\" srcset=\"https:\/\/nadja-siegl.de\/wp-content\/uploads\/2017\/10\/h-bew-11.jpg 2480w, https:\/\/nadja-siegl.de\/wp-content\/uploads\/2017\/10\/h-bew-11-212x300.jpg 212w, https:\/\/nadja-siegl.de\/wp-content\/uploads\/2017\/10\/h-bew-11-768x1086.jpg 768w, https:\/\/nadja-siegl.de\/wp-content\/uploads\/2017\/10\/h-bew-11-724x1024.jpg 724w, https:\/\/nadja-siegl.de\/wp-content\/uploads\/2017\/10\/h-bew-11-690x976.jpg 690w, https:\/\/nadja-siegl.de\/wp-content\/uploads\/2017\/10\/h-bew-11-980x1386.jpg 980w\" sizes=\"(max-width: 2480px) 100vw, 2480px\" \/><\/figure><\/li><\/ul><\/figure>\n\n\n\n<p>6. Juli \u2013 6. Oktober 2017 Mori Ogai Gedenkst\u00e4tte<br>Vernissage 6. Juli 18 \u2013 20 Uhr<\/p>\n\n\n\n<p>Die zuf\u00e4llige Begegnung mit einem Band japanischer Haiku \u201eVollmond und Zikadenkl\u00e4nge\u201c aus dem Jahr 1956 inspirierte Nadja Siegl zu einer stillen, meditativen Serie mit Kompositionen aus farbreduzierten Fotografien, Verstiteln und roten Farbakzenten. Erinnerte Lyrik und die Affinit\u00e4t zu den \u00e4sthetischen Prinzipien der Kurzgedichte mit ihren strengen Formvorgaben, der Fokussierung auf Natur und Jahreszeiten gehen \u00fcber das Auge der Fotografin eine ganz eigene Verbindung zwischen den Kulturen ein. <em>Beate Wonde (Kuratorin)<\/em><\/p>\n\n\n\n<p><em>\u201cMotive andeuten, aussparen, reduzieren und damit Ideen frei \u00fcbersetzen \u2013 das sollen diese Bilder. Die dem Haiku eigene Pr\u00e4gnanz, in wenigen Worten ein Gedankenbild zu schaffen, ist Inspirationsquelle f\u00fcr die Arbeiten dieser Serie. Die Bilder wollen das Wesen der Dichtungsart Haiku aufgreifen und sich durch neue Interpretation klar von der klassischen Illustration absetzen. Inhalte der Haiku werden neu abgebildet, die Fotos l\u00f6se ich vom Wortlaut. Dazu wird rote Tempera bewusst in aufbrechender Art verwendet.\u201d<\/em> Nadja Siegl<\/p>\n\n\n\n<p><\/p>\n\n\n\n<p>Zur Ausstellung entstand eine <a href=\"http:\/\/nadja-siegl.de\/2023\/04\/die-gefangene-nachtigall-2\/\" data-type=\"post\" data-id=\"4013\">Dokumentation<\/a> mit Abbildung der 18 Arbeiten:<\/p>\n\n\n\n<figure class=\"wp-block-gallery columns-3 is-cropped\"><ul class=\"blocks-gallery-grid\"><li class=\"blocks-gallery-item\"><figure><a href=\"http:\/\/nadja-siegl.de\/wp-content\/uploads\/2023\/04\/buch-bilder-fuer-web-5-1-scaled.jpg\"><img loading=\"lazy\" width=\"768\" height=\"1024\" src=\"http:\/\/nadja-siegl.de\/wp-content\/uploads\/2023\/04\/buch-bilder-fuer-web-5-1-768x1024.jpg\" alt=\"\" data-id=\"4025\" data-full-url=\"http:\/\/nadja-siegl.de\/wp-content\/uploads\/2023\/04\/buch-bilder-fuer-web-5-1-scaled.jpg\" data-link=\"http:\/\/nadja-siegl.de\/die-gefangene-nachtigall\/buch-bilder-fuer-web-5-1\/\" class=\"wp-image-4025\" srcset=\"https:\/\/nadja-siegl.de\/wp-content\/uploads\/2023\/04\/buch-bilder-fuer-web-5-1-768x1024.jpg 768w, https:\/\/nadja-siegl.de\/wp-content\/uploads\/2023\/04\/buch-bilder-fuer-web-5-1-225x300.jpg 225w, https:\/\/nadja-siegl.de\/wp-content\/uploads\/2023\/04\/buch-bilder-fuer-web-5-1-1152x1536.jpg 1152w, https:\/\/nadja-siegl.de\/wp-content\/uploads\/2023\/04\/buch-bilder-fuer-web-5-1-1536x2048.jpg 1536w, https:\/\/nadja-siegl.de\/wp-content\/uploads\/2023\/04\/buch-bilder-fuer-web-5-1-690x920.jpg 690w, https:\/\/nadja-siegl.de\/wp-content\/uploads\/2023\/04\/buch-bilder-fuer-web-5-1-980x1307.jpg 980w, https:\/\/nadja-siegl.de\/wp-content\/uploads\/2023\/04\/buch-bilder-fuer-web-5-1-scaled.jpg 1920w\" sizes=\"(max-width: 768px) 100vw, 768px\" \/><\/a><\/figure><\/li><li class=\"blocks-gallery-item\"><figure><a href=\"http:\/\/nadja-siegl.de\/wp-content\/uploads\/2023\/04\/buch-bilder-fuer-web-4-1-scaled.jpg\"><img loading=\"lazy\" width=\"768\" height=\"1024\" src=\"http:\/\/nadja-siegl.de\/wp-content\/uploads\/2023\/04\/buch-bilder-fuer-web-4-1-768x1024.jpg\" alt=\"\" data-id=\"4026\" data-full-url=\"http:\/\/nadja-siegl.de\/wp-content\/uploads\/2023\/04\/buch-bilder-fuer-web-4-1-scaled.jpg\" data-link=\"http:\/\/nadja-siegl.de\/die-gefangene-nachtigall\/buch-bilder-fuer-web-4-1\/\" class=\"wp-image-4026\" srcset=\"https:\/\/nadja-siegl.de\/wp-content\/uploads\/2023\/04\/buch-bilder-fuer-web-4-1-768x1024.jpg 768w, https:\/\/nadja-siegl.de\/wp-content\/uploads\/2023\/04\/buch-bilder-fuer-web-4-1-225x300.jpg 225w, https:\/\/nadja-siegl.de\/wp-content\/uploads\/2023\/04\/buch-bilder-fuer-web-4-1-1152x1536.jpg 1152w, https:\/\/nadja-siegl.de\/wp-content\/uploads\/2023\/04\/buch-bilder-fuer-web-4-1-1536x2048.jpg 1536w, https:\/\/nadja-siegl.de\/wp-content\/uploads\/2023\/04\/buch-bilder-fuer-web-4-1-690x920.jpg 690w, https:\/\/nadja-siegl.de\/wp-content\/uploads\/2023\/04\/buch-bilder-fuer-web-4-1-980x1307.jpg 980w, https:\/\/nadja-siegl.de\/wp-content\/uploads\/2023\/04\/buch-bilder-fuer-web-4-1-scaled.jpg 1920w\" sizes=\"(max-width: 768px) 100vw, 768px\" \/><\/a><\/figure><\/li><li class=\"blocks-gallery-item\"><figure><a href=\"http:\/\/nadja-siegl.de\/wp-content\/uploads\/2023\/04\/buch-bilder-fuer-web-3-1-scaled.jpg\"><img loading=\"lazy\" width=\"768\" height=\"1024\" src=\"http:\/\/nadja-siegl.de\/wp-content\/uploads\/2023\/04\/buch-bilder-fuer-web-3-1-768x1024.jpg\" alt=\"\" data-id=\"4027\" data-full-url=\"http:\/\/nadja-siegl.de\/wp-content\/uploads\/2023\/04\/buch-bilder-fuer-web-3-1-scaled.jpg\" data-link=\"http:\/\/nadja-siegl.de\/die-gefangene-nachtigall\/buch-bilder-fuer-web-3-1\/\" class=\"wp-image-4027\" srcset=\"https:\/\/nadja-siegl.de\/wp-content\/uploads\/2023\/04\/buch-bilder-fuer-web-3-1-768x1024.jpg 768w, https:\/\/nadja-siegl.de\/wp-content\/uploads\/2023\/04\/buch-bilder-fuer-web-3-1-225x300.jpg 225w, https:\/\/nadja-siegl.de\/wp-content\/uploads\/2023\/04\/buch-bilder-fuer-web-3-1-1152x1536.jpg 1152w, https:\/\/nadja-siegl.de\/wp-content\/uploads\/2023\/04\/buch-bilder-fuer-web-3-1-1536x2048.jpg 1536w, https:\/\/nadja-siegl.de\/wp-content\/uploads\/2023\/04\/buch-bilder-fuer-web-3-1-690x920.jpg 690w, https:\/\/nadja-siegl.de\/wp-content\/uploads\/2023\/04\/buch-bilder-fuer-web-3-1-980x1307.jpg 980w, https:\/\/nadja-siegl.de\/wp-content\/uploads\/2023\/04\/buch-bilder-fuer-web-3-1-scaled.jpg 1920w\" sizes=\"(max-width: 768px) 100vw, 768px\" \/><\/a><\/figure><\/li><\/ul><\/figure>\n\n\n\n<div class=\"wp-block-image\"><figure class=\"aligncenter\"><a href=\"http:\/\/www.the-dun-dog.org\/wp-content\/uploads\/2017\/10\/IMG_0225-copy.jpg\"><img loading=\"lazy\" width=\"1024\" height=\"768\" src=\"http:\/\/www.the-dun-dog.org\/wp-content\/uploads\/2017\/10\/IMG_0225-copy-1024x768.jpg\" alt=\"\" class=\"wp-image-2246\" srcset=\"https:\/\/nadja-siegl.de\/wp-content\/uploads\/2017\/10\/IMG_0225-copy-1024x768.jpg 1024w, https:\/\/nadja-siegl.de\/wp-content\/uploads\/2017\/10\/IMG_0225-copy-300x225.jpg 300w, https:\/\/nadja-siegl.de\/wp-content\/uploads\/2017\/10\/IMG_0225-copy-768x576.jpg 768w, https:\/\/nadja-siegl.de\/wp-content\/uploads\/2017\/10\/IMG_0225-copy-690x518.jpg 690w, https:\/\/nadja-siegl.de\/wp-content\/uploads\/2017\/10\/IMG_0225-copy-980x735.jpg 980w, https:\/\/nadja-siegl.de\/wp-content\/uploads\/2017\/10\/IMG_0225-copy.jpg 2016w\" sizes=\"(max-width: 1024px) 100vw, 1024px\" \/><\/a><\/figure><\/div>\n","protected":false},"excerpt":{"rendered":"<p>fotografische Haiku-Interpretationen Die gefangene Nachtigall Laut, als s\u00e4he sieihres K\u00e4figs St\u00e4be nicht,singt die Nachtigall! Beispiele aus der Ausstellung mit 16 Bildern, Fotoarbeiten: 6. Juli \u2013 6. Oktober 2017 Mori Ogai Gedenkst\u00e4tteVernissage 6. Juli 18 \u2013 20 Uhr Die zuf\u00e4llige Begegnung mit einem Band japanischer Haiku \u201eVollmond und Zikadenkl\u00e4nge\u201c aus dem Jahr 1956 inspirierte Nadja Siegl [&hellip;]<\/p>\n","protected":false},"author":1,"featured_media":0,"parent":0,"menu_order":0,"comment_status":"closed","ping_status":"closed","template":"","meta":[],"_links":{"self":[{"href":"https:\/\/nadja-siegl.de\/en\/wp-json\/wp\/v2\/pages\/3976"}],"collection":[{"href":"https:\/\/nadja-siegl.de\/en\/wp-json\/wp\/v2\/pages"}],"about":[{"href":"https:\/\/nadja-siegl.de\/en\/wp-json\/wp\/v2\/types\/page"}],"author":[{"embeddable":true,"href":"https:\/\/nadja-siegl.de\/en\/wp-json\/wp\/v2\/users\/1"}],"replies":[{"embeddable":true,"href":"https:\/\/nadja-siegl.de\/en\/wp-json\/wp\/v2\/comments?post=3976"}],"version-history":[{"count":4,"href":"https:\/\/nadja-siegl.de\/en\/wp-json\/wp\/v2\/pages\/3976\/revisions"}],"predecessor-version":[{"id":4031,"href":"https:\/\/nadja-siegl.de\/en\/wp-json\/wp\/v2\/pages\/3976\/revisions\/4031"}],"wp:attachment":[{"href":"https:\/\/nadja-siegl.de\/en\/wp-json\/wp\/v2\/media?parent=3976"}],"curies":[{"name":"wp","href":"https:\/\/api.w.org\/{rel}","templated":true}]}}