{"id":3689,"date":"2022-09-03T13:02:36","date_gmt":"2022-09-03T13:02:36","guid":{"rendered":"http:\/\/nadja-siegl.de\/?page_id=3689"},"modified":"2022-09-03T13:02:37","modified_gmt":"2022-09-03T13:02:37","slug":"offenes-atelier-2022","status":"publish","type":"page","link":"https:\/\/nadja-siegl.de\/en\/offenes-atelier-2022\/","title":{"rendered":"Offenes Atelier 2022"},"content":{"rendered":"\n<p>Am 7. und 8. Mai 2022 \u00f6ffnen die Ateliers in Brandenburg wieder. Auch unsere K\u00fcnstlerinnengemeinschaft >blutorangen< ist wieder dabei.<\/p>\n\n\n\n<p class=\"has-text-align-left\">Wo: Gemeindezentrum der Siedlungskirche, Mahlower Stra\u00dfe 150a, 14513 Teltow<\/p>\n\n\n\n<p>Wann: 7. und 8. Mai 2022, Sa 14 bis 19 Uhr, So 14 -18 Uhr<\/p>\n\n\n\n<p>Ich werde diesmal vor allem mit <a href=\"http:\/\/nadja-siegl.de\/2022\/05\/pixels-dekonstruktion-vergangener-realitaeten\/\" data-type=\"post\">Bildern aus &#8220;alles ist sehend verwoben&#8221;<\/a> dabei sein; Teil: Dekonstruktion vergangener Realit\u00e4ten.<\/p>\n\n\n\n<div class=\"wp-block-image\"><figure class=\"alignleft size-large\"><a href=\"http:\/\/nadja-siegl.de\/wp-content\/uploads\/2022\/05\/IMG_5323-scaled.jpg\"><img src=\"http:\/\/nadja-siegl.de\/wp-content\/uploads\/2022\/05\/IMG_5323-704x1024.jpg\" alt=\"\" class=\"wp-image-3508\"\/><\/a><\/figure><\/div>\n\n\n\n<figure class=\"wp-block-image size-large\"><a href=\"http:\/\/nadja-siegl.de\/wp-content\/uploads\/2022\/05\/IMG_5328-scaled.jpg\"><img loading=\"lazy\" width=\"782\" height=\"1024\" src=\"http:\/\/nadja-siegl.de\/wp-content\/uploads\/2022\/05\/IMG_5328-782x1024.jpg\" alt=\"\" class=\"wp-image-3504\" srcset=\"https:\/\/nadja-siegl.de\/wp-content\/uploads\/2022\/05\/IMG_5328-782x1024.jpg 782w, https:\/\/nadja-siegl.de\/wp-content\/uploads\/2022\/05\/IMG_5328-229x300.jpg 229w, https:\/\/nadja-siegl.de\/wp-content\/uploads\/2022\/05\/IMG_5328-768x1005.jpg 768w, https:\/\/nadja-siegl.de\/wp-content\/uploads\/2022\/05\/IMG_5328-1173x1536.jpg 1173w, https:\/\/nadja-siegl.de\/wp-content\/uploads\/2022\/05\/IMG_5328-1564x2048.jpg 1564w, https:\/\/nadja-siegl.de\/wp-content\/uploads\/2022\/05\/IMG_5328-690x903.jpg 690w, https:\/\/nadja-siegl.de\/wp-content\/uploads\/2022\/05\/IMG_5328-980x1283.jpg 980w, https:\/\/nadja-siegl.de\/wp-content\/uploads\/2022\/05\/IMG_5328-scaled.jpg 1956w\" sizes=\"(max-width: 782px) 100vw, 782px\" \/><\/a><\/figure>\n","protected":false},"excerpt":{"rendered":"<p>Am 7. und 8. Mai 2022 \u00f6ffnen die Ateliers in Brandenburg wieder. Auch unsere K\u00fcnstlerinnengemeinschaft >blutorangen< ist wieder dabei. Wo: Gemeindezentrum der Siedlungskirche, Mahlower Stra\u00dfe 150a, 14513 Teltow Wann: 7. und 8. Mai 2022, Sa 14 bis 19 Uhr, So 14 -18 Uhr Ich werde diesmal vor allem mit Bildern aus &#8220;alles ist sehend verwoben&#8221; [&hellip;]\n<\/p>\n","protected":false},"author":1,"featured_media":0,"parent":0,"menu_order":0,"comment_status":"closed","ping_status":"closed","template":"","meta":[],"_links":{"self":[{"href":"https:\/\/nadja-siegl.de\/en\/wp-json\/wp\/v2\/pages\/3689"}],"collection":[{"href":"https:\/\/nadja-siegl.de\/en\/wp-json\/wp\/v2\/pages"}],"about":[{"href":"https:\/\/nadja-siegl.de\/en\/wp-json\/wp\/v2\/types\/page"}],"author":[{"embeddable":true,"href":"https:\/\/nadja-siegl.de\/en\/wp-json\/wp\/v2\/users\/1"}],"replies":[{"embeddable":true,"href":"https:\/\/nadja-siegl.de\/en\/wp-json\/wp\/v2\/comments?post=3689"}],"version-history":[{"count":1,"href":"https:\/\/nadja-siegl.de\/en\/wp-json\/wp\/v2\/pages\/3689\/revisions"}],"predecessor-version":[{"id":3691,"href":"https:\/\/nadja-siegl.de\/en\/wp-json\/wp\/v2\/pages\/3689\/revisions\/3691"}],"wp:attachment":[{"href":"https:\/\/nadja-siegl.de\/en\/wp-json\/wp\/v2\/media?parent=3689"}],"curies":[{"name":"wp","href":"https:\/\/api.w.org\/{rel}","templated":true}]}}