{"id":2547,"date":"2018-09-18T11:50:44","date_gmt":"2018-09-18T11:50:44","guid":{"rendered":"http:\/\/nadja-siegl.de\/?page_id=2547"},"modified":"2026-02-01T16:31:18","modified_gmt":"2026-02-01T16:31:18","slug":"bio-kontakt","status":"publish","type":"page","link":"https:\/\/nadja-siegl.de\/en\/bio-kontakt\/","title":{"rendered":"bio\/contact"},"content":{"rendered":"\n<p><a href=\"http:\/\/www.the-dun-dog.org\/wp-content\/uploads\/2018\/03\/selbstportrait.jpg\"><br><\/a><\/p>\n\n\n\n<div class=\"wp-block-media-text alignwide is-stacked-on-mobile is-vertically-aligned-top\" style=\"grid-template-columns:30% auto\"><figure class=\"wp-block-media-text__media\"><img loading=\"lazy\" width=\"1024\" height=\"684\" src=\"http:\/\/nadja-siegl.de\/wp-content\/uploads\/2022\/12\/im-Atelier-copy-1024x684.jpeg\" alt=\"\" class=\"wp-image-3865 size-full\" srcset=\"https:\/\/nadja-siegl.de\/wp-content\/uploads\/2022\/12\/im-Atelier-copy-1024x684.jpeg 1024w, https:\/\/nadja-siegl.de\/wp-content\/uploads\/2022\/12\/im-Atelier-copy-300x200.jpeg 300w, https:\/\/nadja-siegl.de\/wp-content\/uploads\/2022\/12\/im-Atelier-copy-768x513.jpeg 768w, https:\/\/nadja-siegl.de\/wp-content\/uploads\/2022\/12\/im-Atelier-copy-1536x1025.jpeg 1536w, https:\/\/nadja-siegl.de\/wp-content\/uploads\/2022\/12\/im-Atelier-copy-690x461.jpeg 690w, https:\/\/nadja-siegl.de\/wp-content\/uploads\/2022\/12\/im-Atelier-copy-980x654.jpeg 980w, https:\/\/nadja-siegl.de\/wp-content\/uploads\/2022\/12\/im-Atelier-copy.jpeg 2000w\" sizes=\"(max-width: 1024px) 100vw, 1024px\" \/><\/figure><div class=\"wp-block-media-text__content\">\n<p>Nadja Siegl<\/p>\n\n\n\n<p><strong>Kontakt:<\/strong><\/p>\n\n\n\n<p><a href=\"mailto:officenadjasiegl@gmx.de\">officenadjasiegl@gmx.de<\/a><\/p>\n\n\n\n<p><strong><a title=\"facebookpage\" href=\"https:\/\/www.facebook.com\/nadja.siegl.7\">Facebookseite<\/a><\/strong><\/p>\n\n\n\n<p><a href=\"https:\/\/www.instagram.com\/nadja_siegl\/\"><strong>Instagram<\/strong><\/a> <\/p>\n\n\n\n<p><a href=\"https:\/\/www.youtube.com\/@nadjasiegl\">youtube Kanal<\/a>.<\/p>\n<\/div><\/div>\n\n\n\n<div class=\"wp-block-image\"><figure class=\"alignright size-full is-resized\"><a href=\"http:\/\/nadja-siegl.de\/wp-content\/uploads\/2023\/02\/avatar-selbstbildnis-1.jpg\"><img loading=\"lazy\" src=\"http:\/\/nadja-siegl.de\/wp-content\/uploads\/2023\/02\/avatar-selbstbildnis-1.jpg\" alt=\"\" class=\"wp-image-3941\" width=\"116\" height=\"116\" srcset=\"https:\/\/nadja-siegl.de\/wp-content\/uploads\/2023\/02\/avatar-selbstbildnis-1.jpg 1024w, https:\/\/nadja-siegl.de\/wp-content\/uploads\/2023\/02\/avatar-selbstbildnis-1-300x300.jpg 300w, https:\/\/nadja-siegl.de\/wp-content\/uploads\/2023\/02\/avatar-selbstbildnis-1-150x150.jpg 150w, https:\/\/nadja-siegl.de\/wp-content\/uploads\/2023\/02\/avatar-selbstbildnis-1-768x768.jpg 768w, https:\/\/nadja-siegl.de\/wp-content\/uploads\/2023\/02\/avatar-selbstbildnis-1-690x690.jpg 690w, https:\/\/nadja-siegl.de\/wp-content\/uploads\/2023\/02\/avatar-selbstbildnis-1-980x980.jpg 980w\" sizes=\"(max-width: 116px) 100vw, 116px\" \/><\/a><figcaption>Mein Avatar &#8211; Selbstbildnis<\/figcaption><\/figure><\/div>\n\n\n\n<p><\/p>\n\n\n\n<p><strong>K\u00fcnstlerische Ausbildung:<\/strong><\/p>\n\n\n\n<p>2002-2004: Ausbildung im Musischen Zentrum der Ruhr-Universit\u00e4t Bochum, Bereich Fotografie, Schwerpunkt schwarz-wei\u00df, Ausbildung Fotolaborarbeit, k\u00fcnstlerischer Direktor: Felix Freier (DGPh).&nbsp;Weitere kunstfotografische&nbsp;Ausbildungen und Studienaufenthalte im In- und Ausland.<\/p>\n\n\n\n<p>K\u00fcnstlerisches Mitglied im <a href=\"http:\/\/www.vdbk1867.de\">VdBK 1867<\/a> e.V. (<a href=\"http:\/\/www.vdbk1867.de\/lexikon\/siegl-nadja\/\">Lexikoneintrag<\/a>)<\/p>\n\n\n\n<p>ehemaliges Mitglied der <a href=\"http:\/\/www.maliblu.de\">K\u00fcnstlerinnengruppe &#8220;blutorangen&#8221;<\/a><\/p>\n\n\n\n<p>2022: artist in residence Kunsthaus Stove<\/p>\n\n\n\n<p>2021: runner-up Europaeum Photo Competition<\/p>\n\n\n\n<p>2019&nbsp; Katalog NEUE POSITIONEN, Verein der Berliner&nbsp;K\u00fcnstlerinnen 1867<\/p>\n\n\n\n<p>&#8212;&#8212;&#8212;&#8212;&#8212;&#8212;&#8212;&#8212;&#8212;&#8212;&#8212;&#8212;&#8212;&#8212;&#8212;&#8212;&#8212;&#8212;&#8212;&#8212;&#8212;-<\/p>\n\n\n\n<p>Ich bin medien\u00fcberschreitende K\u00fcnstlerin mit dem Schwerpunkt Fotografie.&nbsp;<\/p>\n\n\n\n<p>Meine Arbeit zeigt eine reduzierte, minimalistische \u00c4sthetik. Durch das Weglassen von Ablenkungen und \u00fcberfl\u00fcssigen Elementen n\u00e4here ich mich dem Kern eines Themas. Struktur, Licht und Farbe der mich umgebenden Welt und der visuellen Ereignisse zeichnen sich in den Arbeiten ab.<\/p>\n\n\n\n<p>Die Arbeiten sind einfach und unaufgeregt, aber dabei reich an Textur und Emotion. In meinen Themen und Herangehensweisen gibt es viele Variationen, denn ich erlebe eine konstante Flexibilit\u00e4t und Ver\u00e4nderlichkeit der Wahrnehmung, die den unaufh\u00f6rlichen Fluss von Ereignissen zeigt.<\/p>\n\n\n\n<p>Bei den manuell bearbeiteten Arbeiten f\u00fcge ich verschiedene Techniken, Materialien, Texte und visuelle Elemente zusammen.&nbsp;<\/p>\n\n\n\n<div class=\"wp-block-media-text alignwide is-stacked-on-mobile is-vertically-aligned-center\" style=\"grid-template-columns:73% auto\"><figure class=\"wp-block-media-text__media\"><img loading=\"lazy\" width=\"1024\" height=\"724\" src=\"http:\/\/nadja-siegl.de\/wp-content\/uploads\/2025\/01\/test2-1-1024x724.jpg\" alt=\"\" class=\"wp-image-4298 size-full\" srcset=\"https:\/\/nadja-siegl.de\/wp-content\/uploads\/2025\/01\/test2-1-1024x724.jpg 1024w, https:\/\/nadja-siegl.de\/wp-content\/uploads\/2025\/01\/test2-1-300x212.jpg 300w, https:\/\/nadja-siegl.de\/wp-content\/uploads\/2025\/01\/test2-1-768x543.jpg 768w, https:\/\/nadja-siegl.de\/wp-content\/uploads\/2025\/01\/test2-1-1536x1086.jpg 1536w, https:\/\/nadja-siegl.de\/wp-content\/uploads\/2025\/01\/test2-1-2048x1448.jpg 2048w, https:\/\/nadja-siegl.de\/wp-content\/uploads\/2025\/01\/test2-1-690x488.jpg 690w, https:\/\/nadja-siegl.de\/wp-content\/uploads\/2025\/01\/test2-1-980x693.jpg 980w\" sizes=\"(max-width: 1024px) 100vw, 1024px\" \/><\/figure><div class=\"wp-block-media-text__content\">\n<p>Sonnenstrahlen bl\u00fch&#8217;n,<\/p>\n\n\n\n<p>Wurzeln k\u00fcssen still das Nass,<\/p>\n\n\n\n<p>Natur schweigt im Grau.<\/p>\n<\/div><\/div>\n","protected":false},"excerpt":{"rendered":"<p>Nadja Siegl Kontakt: officenadjasiegl@gmx.de Facebookseite Instagram youtube Kanal. K\u00fcnstlerische Ausbildung: 2002-2004: Ausbildung im Musischen Zentrum der Ruhr-Universit\u00e4t Bochum, Bereich Fotografie, Schwerpunkt schwarz-wei\u00df, Ausbildung Fotolaborarbeit, k\u00fcnstlerischer Direktor: Felix Freier (DGPh).&nbsp;Weitere kunstfotografische&nbsp;Ausbildungen und Studienaufenthalte im In- und Ausland. K\u00fcnstlerisches Mitglied im VdBK 1867 e.V. (Lexikoneintrag) ehemaliges Mitglied der K\u00fcnstlerinnengruppe &#8220;blutorangen&#8221; 2022: artist in residence Kunsthaus Stove 2021: [&hellip;]<\/p>\n","protected":false},"author":1,"featured_media":0,"parent":0,"menu_order":0,"comment_status":"closed","ping_status":"closed","template":"","meta":[],"_links":{"self":[{"href":"https:\/\/nadja-siegl.de\/en\/wp-json\/wp\/v2\/pages\/2547"}],"collection":[{"href":"https:\/\/nadja-siegl.de\/en\/wp-json\/wp\/v2\/pages"}],"about":[{"href":"https:\/\/nadja-siegl.de\/en\/wp-json\/wp\/v2\/types\/page"}],"author":[{"embeddable":true,"href":"https:\/\/nadja-siegl.de\/en\/wp-json\/wp\/v2\/users\/1"}],"replies":[{"embeddable":true,"href":"https:\/\/nadja-siegl.de\/en\/wp-json\/wp\/v2\/comments?post=2547"}],"version-history":[{"count":28,"href":"https:\/\/nadja-siegl.de\/en\/wp-json\/wp\/v2\/pages\/2547\/revisions"}],"predecessor-version":[{"id":4368,"href":"https:\/\/nadja-siegl.de\/en\/wp-json\/wp\/v2\/pages\/2547\/revisions\/4368"}],"wp:attachment":[{"href":"https:\/\/nadja-siegl.de\/en\/wp-json\/wp\/v2\/media?parent=2547"}],"curies":[{"name":"wp","href":"https:\/\/api.w.org\/{rel}","templated":true}]}}